{"id":98,"date":"2025-08-03T19:45:33","date_gmt":"2025-08-03T19:45:33","guid":{"rendered":"http:\/\/suzannepietracleanhalltheme.local\/?page_id=98"},"modified":"2025-11-10T12:43:54","modified_gmt":"2025-11-10T12:43:54","slug":"a-propos","status":"publish","type":"page","link":"https:\/\/www.suzannepietra.com\/it\/a-propos\/","title":{"rendered":"Chi sono"},"content":{"rendered":"<div data-elementor-type=\"wp-page\" data-elementor-id=\"98\" class=\"elementor elementor-98\">\n\t\t\t\t<div class=\"elementor-element elementor-element-0e83a30 e-flex e-con-boxed sc_layouts_column_icons_position_left e-con e-parent\" data-id=\"0e83a30\" data-element_type=\"container\">\n\t\t\t\t\t<div class=\"e-con-inner\">\n\t\t\t\t\t<\/div>\n\t\t\t\t<\/div>\n\t\t<div class=\"elementor-element elementor-element-ffd7127 e-con-full e-flex sc_layouts_column_icons_position_left e-con e-parent\" data-id=\"ffd7127\" data-element_type=\"container\">\n\t\t<div class=\"e-con-gap-no elementor-element elementor-element-956e6ed e-con-full e-flex sc_layouts_column_icons_position_left e-con e-child\" data-id=\"956e6ed\" data-element_type=\"container\" data-settings=\"{&quot;background_background&quot;:&quot;classic&quot;}\">\n\t\t\t\t<\/div>\n\t\t<div class=\"elementor-element elementor-element-3ef846a e-con-full e-flex sc_layouts_column_icons_position_left e-con e-child\" data-id=\"3ef846a\" data-element_type=\"container\" data-settings=\"{&quot;background_background&quot;:&quot;classic&quot;}\">\n\t\t\t\t<div class=\"elementor-element elementor-element-3b15d7e sc_fly_static elementor-widget elementor-widget-trx_sc_title\" data-id=\"3b15d7e\" data-element_type=\"widget\" data-widget_type=\"trx_sc_title.default\">\n\t\t\t\t<div class=\"elementor-widget-container\">\n\t\t\t\t\t<div\t\tclass=\"sc_title sc_title_default\" ><h2 class=\"sc_item_title sc_title_title sc_item_title_style_default sc_item_title_tag\"\n\t\t\t><span class=\"sc_item_title_text\">Una vocazione<\/br> maturata nel tempo <\/span><\/h2><div class=\"sc_item_descr sc_title_descr\"><p>Sono una specialista della comunicazione aziendale.\nPer quasi venticinque anni ho lavorato per grandi multinazionali tra Roma, Bruxelles, Parigi, Lione e Nizza.<\/p>\n<p>Dopo i quarant\u2019anni ho sentito il desiderio di cambiare vita e di seguire la mia vera inclinazione: ho intrapreso una formazione intensiva in architettura d\u2019interni presso l\u2019\u00e9cole fran\u00e7aise des b\u00e2timents di Nizza.\nOttenuta la certificazione, ho mosso i miei primi passi come decoratrice d\u2019interni sulla Costa Azzurra.\n\nDa tre anni propongo i miei servizi a Milano, culla del design e della moda, dove la mia passione per gli spazi e la bellezza continua a trovare nuove forme e ispirazioni.<\/p>\n<\/div><\/div>\t\t\t\t<\/div>\n\t\t\t\t<\/div>\n\t\t\t\t<\/div>\n\t\t\t\t<\/div>\n\t\t<div class=\"elementor-element elementor-element-c884552 e-con-full e-flex sc_layouts_column_icons_position_left e-con e-parent\" data-id=\"c884552\" data-element_type=\"container\">\n\t\t<div class=\"elementor-element elementor-element-a815719 e-con-full e-flex sc_layouts_column_icons_position_left e-con e-child\" data-id=\"a815719\" data-element_type=\"container\">\n\t\t\t\t<div class=\"elementor-element elementor-element-a79475a sc_fly_static elementor-widget elementor-widget-trx_sc_title\" data-id=\"a79475a\" data-element_type=\"widget\" data-widget_type=\"trx_sc_title.default\">\n\t\t\t\t<div class=\"elementor-widget-container\">\n\t\t\t\t\t<div\t\tclass=\"sc_title sc_title_default\" ><h2 class=\"sc_item_title sc_title_title sc_item_title_style_default sc_item_title_tag\"\n\t\t\t><span class=\"sc_item_title_text\">La filosofia creativa <\/span><\/h2><div class=\"sc_item_descr sc_title_descr\"><p>Le mie radici, i viaggi e le esperienze professionali nutrono ogni mia creazione, in cui tradizione e modernit\u00e0 si incontrano in un equilibrio armonico.\nPrima di ogni progetto, ascolto con attenzione la storia, i bisogni e la personalit\u00e0 di chi si affida a me.<\/p>\n<p>Metto la persona al centro di ogni processo creativo, per dare vita a spazi autentici, capaci di rispondere pienamente ai desideri di chi li abita.\nL\u2019obiettivo \u00e8 creare interni unici, con quell\u2019anima in pi\u00f9 che riflette la propria essenza.\nMi piace giocare con mobili, colori e texture, cercando ogni volta un\u2019armonia nuova.<\/p>\n<p>L\u2019estetica e la bellezza non appartengono solo al lusso: anche un mercatino pu\u00f2 nascondere raffinatezza e fascino.\nAmo intrecciare pezzi di epoche diverse, fondendo design da collezione, vintage e antiquariato.\nTrovare oggetti unici significa raccontare una storia \u2014 quella di chi li sceglie, di ci\u00f2 che ama e di chi \u00e8.<\/p>\n<\/div><\/div>\t\t\t\t<\/div>\n\t\t\t\t<\/div>\n\t\t\t\t<\/div>\n\t\t<div class=\"e-con-gap-no elementor-element elementor-element-bad111f e-con-full e-flex sc_layouts_column_icons_position_left e-con e-child\" data-id=\"bad111f\" data-element_type=\"container\" data-settings=\"{&quot;background_background&quot;:&quot;classic&quot;}\">\n\t\t\t\t<\/div>\n\t\t\t\t<\/div>\n\t\t\t\t<\/div>","protected":false},"excerpt":{"rendered":"<p>Une vocation au fil d\u2019un parcours Je suis une sp\u00e9cialiste de la communication d\u2019entreprise. J\u2019ai exerc\u00e9 pendant pr\u00e8s de 25 ans pour des multinationales \u00e0 Rome, Bruxelles, Paris, Lyon et&hellip;<\/p>","protected":false},"author":2,"featured_media":0,"parent":0,"menu_order":0,"comment_status":"closed","ping_status":"closed","template":"","meta":{"footnotes":""},"class_list":["post-98","page","type-page","status-publish","hentry"],"_links":{"self":[{"href":"https:\/\/www.suzannepietra.com\/it\/wp-json\/wp\/v2\/pages\/98","targetHints":{"allow":["GET"]}}],"collection":[{"href":"https:\/\/www.suzannepietra.com\/it\/wp-json\/wp\/v2\/pages"}],"about":[{"href":"https:\/\/www.suzannepietra.com\/it\/wp-json\/wp\/v2\/types\/page"}],"author":[{"embeddable":true,"href":"https:\/\/www.suzannepietra.com\/it\/wp-json\/wp\/v2\/users\/2"}],"replies":[{"embeddable":true,"href":"https:\/\/www.suzannepietra.com\/it\/wp-json\/wp\/v2\/comments?post=98"}],"version-history":[{"count":120,"href":"https:\/\/www.suzannepietra.com\/it\/wp-json\/wp\/v2\/pages\/98\/revisions"}],"predecessor-version":[{"id":2633,"href":"https:\/\/www.suzannepietra.com\/it\/wp-json\/wp\/v2\/pages\/98\/revisions\/2633"}],"wp:attachment":[{"href":"https:\/\/www.suzannepietra.com\/it\/wp-json\/wp\/v2\/media?parent=98"}],"curies":[{"name":"wp","href":"https:\/\/api.w.org\/{rel}","templated":true}]}}