{"id":96,"date":"2025-08-03T19:44:19","date_gmt":"2025-08-03T19:44:19","guid":{"rendered":"http:\/\/suzannepietracleanhalltheme.local\/?page_id=96"},"modified":"2025-10-12T21:43:28","modified_gmt":"2025-10-12T21:43:28","slug":"realisations","status":"publish","type":"page","link":"https:\/\/www.suzannepietra.com\/it\/realisations\/","title":{"rendered":"Realizzazioni"},"content":{"rendered":"<div data-elementor-type=\"wp-page\" data-elementor-id=\"96\" class=\"elementor elementor-96\">\n\t\t\t\t<div class=\"e-con-with-custom-width elementor-element elementor-element-3f43978 e-con-full e-flex sc_layouts_column_icons_position_left e-con e-parent\" data-id=\"3f43978\" data-element_type=\"container\">\n\t\t\t\t<div class=\"elementor-element elementor-element-0561f62 sc_fly_static elementor-widget elementor-widget-spacer\" data-id=\"0561f62\" data-element_type=\"widget\" data-widget_type=\"spacer.default\">\n\t\t\t\t\t\t\t<div class=\"elementor-spacer\">\n\t\t\t<div class=\"elementor-spacer-inner\"><\/div>\n\t\t<\/div>\n\t\t\t\t\t\t<\/div>\n\t\t\t\t<div class=\"elementor-element elementor-element-d039997 sc_fly_static elementor-widget elementor-widget-trx_sc_title\" data-id=\"d039997\" data-element_type=\"widget\" data-widget_type=\"trx_sc_title.default\">\n\t\t\t\t<div class=\"elementor-widget-container\">\n\t\t\t\t\t<div\t\tclass=\"sc_title sc_title_default\" ><h2 class=\"sc_item_title sc_title_title sc_align_center sc_item_title_style_default\"\n\t\t\t><span class=\"sc_item_title_text\">Realizzazioni <\/span><\/h2><div class=\"sc_item_descr sc_title_descr sc_align_center\"><p>Ogni progetto \u00e8 un invito a esplorare un universo unico \u2014 uno spazio plasmato dai gusti, dai desideri e dalla personalit\u00e0 di chi lo abita. Attraverso questa selezione, presento realizzazioni diverse, tutte guidate da un\u2019unica visione: creare interni che parlano, che ispirano e che riflettono l\u2019essenza di chi li vive. Lasciati trasportare in queste storie, per sognare, emozionarsi e immaginare come potrebbe essere il tuo spazio su misura.<\/p>\n<\/div><\/div>\t\t\t\t<\/div>\n\t\t\t\t<\/div>\n\t\t\t\t<div class=\"elementor-element elementor-element-15d07aa sc_fly_static elementor-widget elementor-widget-spacer\" data-id=\"15d07aa\" data-element_type=\"widget\" data-widget_type=\"spacer.default\">\n\t\t\t\t\t\t\t<div class=\"elementor-spacer\">\n\t\t\t<div class=\"elementor-spacer-inner\"><\/div>\n\t\t<\/div>\n\t\t\t\t\t\t<\/div>\n\t\t\t\t<div class=\"elementor-element elementor-element-9bd8703 sc_layouts_hide_on_mobile sc_fly_static elementor-widget elementor-widget-trx_widget_slider\" data-id=\"9bd8703\" data-element_type=\"widget\" data-widget_type=\"trx_widget_slider.default\">\n\t\t\t\t<div class=\"elementor-widget-container\">\n\t\t\t\t\t<div class=\"widget_area sc_widget_slider\"><aside class=\"widget widget_slider\">\t\t\t<div class=\"slider_wrap slider_engine_swiper\">\n\t\t\t\t<div class=\"slider_outer slider_swiper_outer slider_style_default slider_source_posts_cpt_portfolio slider_outer_direction_horizontal slider_outer_multi slider_outer_nopagination slider_outer_controls slider_outer_controls_top slider_outer_centered slider_outer_overflow_hidden slider_outer_titles_lb slider_outer_height_auto\"><div class=\"slider_container slider_swiper swiper-slider-container slider_direction_horizontal slider_nopagination slider_multi slider_type_images slider_controls slider_controls_top slider_centered slider_overflow_hidden slider_titles_lb slider_resize slider_swipe slider_height_auto\" data-ratio=\"4:3\" data-interval=\"7000\" data-speed=\"600\" data-effect=\"slide\" data-pagination=\"fraction\" data-direction=\"horizontal\" data-slides-per-view=\"3\" data-slides-space=\"15\" data-slides-parallax=\"0\" data-slides-centered=\"1\" data-slides-overflow=\"0\" data-mouse-wheel=\"0\" data-autoplay=\"1\" data-loop=\"1\" data-free-mode=\"0\" data-slides-min-width=\"220\" data-slave-id=\"1\" data-slides-per-view-breakpoints=\"{&quot;767&quot;:1,&quot;999999&quot;:3}\" data-slides-space-breakpoints=\"{&quot;999999&quot;:&quot;15&quot;}\"><div class=\"slider-wrapper swiper-wrapper\"><div  class=\"slider-slide swiper-slide with_titles\" data-image=\"https:\/\/www.suzannepietra.com\/wp-content\/uploads\/2025\/09\/soggiorno-dopo-copia.webp\" data-title=\"Art Nouveau \u00e0 Nice\" style=\"\"><img decoding=\"async\" src=\"https:\/\/www.suzannepietra.com\/wp-content\/uploads\/2025\/09\/soggiorno-dopo-copia.webp\" alt=\"Art Nouveau a Nizza\"><div class=\"slide_overlay slide_overlay_small\"><\/div><div class=\"slide_info slide_info_small\"><h3 class=\"slide_title\"><a href=\"https:\/\/www.suzannepietra.com\/it\/portfolio\/maison-a-nice\/\">Art Nouveau a Nizza<\/a><\/h3><div class=\"slide_number\">01<\/div><\/div><a href=\"https:\/\/www.suzannepietra.com\/it\/portfolio\/maison-a-nice\/\" class=\"slide_link\"><\/a><\/div><div  class=\"slider-slide swiper-slide with_titles\" data-image=\"https:\/\/www.suzannepietra.com\/wp-content\/uploads\/2025\/10\/MAISON-TERESE-7329.webp\" data-title=\"Sixties\u00a0\u00e0 Milan\" style=\"\"><img decoding=\"async\" src=\"https:\/\/www.suzannepietra.com\/wp-content\/uploads\/2025\/10\/MAISON-TERESE-7329.webp\" alt=\"Anni Sessanta a Milano\"><div class=\"slide_overlay slide_overlay_small\"><\/div><div class=\"slide_info slide_info_small\"><h3 class=\"slide_title\"><a href=\"https:\/\/www.suzannepietra.com\/it\/portfolio\/residence-a-milan\/\">Anni Sessanta a Milano<\/a><\/h3><div class=\"slide_number\">02<\/div><\/div><a href=\"https:\/\/www.suzannepietra.com\/it\/portfolio\/residence-a-milan\/\" class=\"slide_link\"><\/a><\/div><div  class=\"slider-slide swiper-slide with_titles\" data-image=\"https:\/\/www.suzannepietra.com\/wp-content\/uploads\/2025\/08\/007_DEA_Cosimo_del_fante_pulizia-copia.webp\" data-title=\"Le Milan\u00a0\u00e9clectique\" style=\"\"><img decoding=\"async\" src=\"https:\/\/www.suzannepietra.com\/wp-content\/uploads\/2025\/08\/007_DEA_Cosimo_del_fante_pulizia-copia.webp\" alt=\"Milano, un interno eclettico\"><div class=\"slide_overlay slide_overlay_small\"><\/div><div class=\"slide_info slide_info_small\"><h3 class=\"slide_title\"><a href=\"https:\/\/www.suzannepietra.com\/it\/portfolio\/residence-a-milan-projet-2\/\">Milano, un interno eclettico<\/a><\/h3><div class=\"slide_number\">03<\/div><\/div><a href=\"https:\/\/www.suzannepietra.com\/it\/portfolio\/residence-a-milan-projet-2\/\" class=\"slide_link\"><\/a><\/div><div  class=\"slider-slide swiper-slide with_titles\" data-image=\"https:\/\/www.suzannepietra.com\/wp-content\/uploads\/2025\/09\/FAA_7020.jpeg\" data-title=\"Charme lyonnais sur la Sa\u00f4ne\" style=\"\"><img decoding=\"async\" src=\"https:\/\/www.suzannepietra.com\/wp-content\/uploads\/2025\/09\/FAA_7020.jpeg\" alt=\"Fascino lionese sulla Saona\"><div class=\"slide_overlay slide_overlay_small\"><\/div><div class=\"slide_info slide_info_small\"><h3 class=\"slide_title\"><a href=\"https:\/\/www.suzannepietra.com\/it\/portfolio\/appartement-a-lyon\/\">Fascino lionese sulla Saona<\/a><\/h3><div class=\"slide_number\">04<\/div><\/div><a href=\"https:\/\/www.suzannepietra.com\/it\/portfolio\/appartement-a-lyon\/\" class=\"slide_link\"><\/a><\/div><div  class=\"slider-slide swiper-slide with_titles\" data-image=\"https:\/\/www.suzannepietra.com\/wp-content\/uploads\/2025\/09\/6ruedudragon-2.webp\" data-title=\"\u00c9l\u00e9gance boh\u00e8me chic parisienne\" style=\"\"><img decoding=\"async\" src=\"https:\/\/www.suzannepietra.com\/wp-content\/uploads\/2025\/09\/6ruedudragon-2.webp\" alt=\"Eleganza boh\u00e9mien chic parigina\"><div class=\"slide_overlay slide_overlay_small\"><\/div><div class=\"slide_info slide_info_small\"><h3 class=\"slide_title\"><a href=\"https:\/\/www.suzannepietra.com\/it\/portfolio\/appartement-a-paris\/\">Eleganza boh\u00e9mien chic parigina<\/a><\/h3><div class=\"slide_number\">05<\/div><\/div><a href=\"https:\/\/www.suzannepietra.com\/it\/portfolio\/appartement-a-paris\/\" class=\"slide_link\"><\/a><\/div><\/div><\/div><div class=\"slider_controls_wrap slider_arrows_wrap\"><a class=\"slider_prev slider_arrow_default swiper-button-prev\" href=\"#\" role=\"button\"><\/a><a class=\"slider_next slider_arrow_default swiper-button-next\" href=\"#\" role=\"button\"><\/a><\/div><\/div>\t\t\t<\/div>\n\t\t\t<\/aside><\/div>\t\t\t\t<\/div>\n\t\t\t\t<\/div>\n\t\t\t\t<div class=\"elementor-element elementor-element-7a14050 sc_layouts_hide_on_wide sc_layouts_hide_on_desktop sc_layouts_hide_on_notebook sc_layouts_hide_on_tablet sc_fly_static elementor-widget elementor-widget-trx_sc_portfolio\" data-id=\"7a14050\" data-element_type=\"widget\" data-widget_type=\"trx_sc_portfolio.default\">\n\t\t\t\t<div class=\"elementor-widget-container\">\n\t\t\t\t\t<div \t\tclass=\"sc_portfolio sc_portfolio_qw-simple\"><div class=\"sc_portfolio_columns_wrap sc_item_columns sc_item_posts_container trx_addons_columns_wrap columns_padding_bottom grid_wrap_5\"><div class=\"trx_addons_column-1_3 trx_addons_column-1_1-mobile\"><div data-post-id=\"918\" class=\"sc_portfolio_item sc_item_container post_container\">\n\t<div class=\"post_featured with_thumb hover_link sc_portfolio_item_thumb post_featured_bg\"><span class=\"post_thumb post_thumb_bg bg_in hall_inline_1540303207\"><\/span>\t\t\t\t\t\t<div class=\"mask\"><\/div>\n\t\t\t\t\t\t\t\t\t<a href=\"https:\/\/www.suzannepietra.com\/it\/portfolio\/maison-a-nice\/\"  aria-hidden=\"true\" class=\"link\"><\/a>\n\t\t\t<\/div><div class=\"sc_portfolio_item_content\">\n\t<h5 class=\"post_title\"><a href=\"https:\/\/www.suzannepietra.com\/it\/portfolio\/maison-a-nice\/\">Art Nouveau a Nizza<\/a>\n\t\t\t<\/h5>\n<\/div>\n\t\n<\/div><\/div><div class=\"trx_addons_column-1_3 trx_addons_column-1_1-mobile\"><div data-post-id=\"2056\" class=\"sc_portfolio_item sc_item_container post_container\">\n\t<div class=\"post_featured with_thumb hover_link sc_portfolio_item_thumb post_featured_bg\"><span class=\"post_thumb post_thumb_bg bg_in hall_inline_2047662270\"><\/span>\t\t\t\t\t\t<div class=\"mask\"><\/div>\n\t\t\t\t\t\t\t\t\t<a href=\"https:\/\/www.suzannepietra.com\/it\/portfolio\/residence-a-milan\/\"  aria-hidden=\"true\" class=\"link\"><\/a>\n\t\t\t<\/div><div class=\"sc_portfolio_item_content\">\n\t<h5 class=\"post_title\"><a href=\"https:\/\/www.suzannepietra.com\/it\/portfolio\/residence-a-milan\/\">Anni Sessanta a Milano<\/a>\n\t\t\t<\/h5>\n<\/div>\n\t\n<\/div><\/div><div class=\"trx_addons_column-1_3 trx_addons_column-1_1-mobile\"><div data-post-id=\"922\" class=\"sc_portfolio_item sc_item_container post_container\">\n\t<div class=\"post_featured with_thumb hover_link sc_portfolio_item_thumb post_featured_bg\"><span class=\"post_thumb post_thumb_bg bg_in hall_inline_1265545858\"><\/span>\t\t\t\t\t\t<div class=\"mask\"><\/div>\n\t\t\t\t\t\t\t\t\t<a href=\"https:\/\/www.suzannepietra.com\/it\/portfolio\/residence-a-milan-projet-2\/\"  aria-hidden=\"true\" class=\"link\"><\/a>\n\t\t\t<\/div><div class=\"sc_portfolio_item_content\">\n\t<h5 class=\"post_title\"><a href=\"https:\/\/www.suzannepietra.com\/it\/portfolio\/residence-a-milan-projet-2\/\">Milano, un interno eclettico<\/a>\n\t\t\t<\/h5>\n<\/div>\n\t\n<\/div><\/div><div class=\"trx_addons_column-1_3 trx_addons_column-1_1-mobile\"><div data-post-id=\"919\" class=\"sc_portfolio_item sc_item_container post_container\">\n\t<div class=\"post_featured with_thumb hover_link sc_portfolio_item_thumb post_featured_bg\"><span class=\"post_thumb post_thumb_bg bg_in hall_inline_1124339575\"><\/span>\t\t\t\t\t\t<div class=\"mask\"><\/div>\n\t\t\t\t\t\t\t\t\t<a href=\"https:\/\/www.suzannepietra.com\/it\/portfolio\/appartement-a-lyon\/\"  aria-hidden=\"true\" class=\"link\"><\/a>\n\t\t\t<\/div><div class=\"sc_portfolio_item_content\">\n\t<h5 class=\"post_title\"><a href=\"https:\/\/www.suzannepietra.com\/it\/portfolio\/appartement-a-lyon\/\">Fascino lionese sulla Saona<\/a>\n\t\t\t<\/h5>\n<\/div>\n\t\n<\/div><\/div><div class=\"trx_addons_column-1_3 trx_addons_column-1_1-mobile\"><div data-post-id=\"887\" class=\"sc_portfolio_item sc_item_container post_container\">\n\t<div class=\"post_featured with_thumb hover_link sc_portfolio_item_thumb post_featured_bg\"><span class=\"post_thumb post_thumb_bg bg_in hall_inline_1008634754\"><\/span>\t\t\t\t\t\t<div class=\"mask\"><\/div>\n\t\t\t\t\t\t\t\t\t<a href=\"https:\/\/www.suzannepietra.com\/it\/portfolio\/appartement-a-paris\/\"  aria-hidden=\"true\" class=\"link\"><\/a>\n\t\t\t<\/div><div class=\"sc_portfolio_item_content\">\n\t<h5 class=\"post_title\"><a href=\"https:\/\/www.suzannepietra.com\/it\/portfolio\/appartement-a-paris\/\">Eleganza boh\u00e9mien chic parigina<\/a>\n\t\t\t<\/h5>\n<\/div>\n\t\n<\/div><\/div><\/div><\/div>\t\t\t\t<\/div>\n\t\t\t\t<\/div>\n\t\t<div class=\"elementor-element elementor-element-6595d2e e-flex e-con-boxed sc_layouts_column_icons_position_left e-con e-child\" data-id=\"6595d2e\" data-element_type=\"container\">\n\t\t\t\t\t<div class=\"e-con-inner\">\n\t\t\t\t<div class=\"elementor-element elementor-element-b061c0c sc_fly_static elementor-widget elementor-widget-trx_sc_title\" data-id=\"b061c0c\" data-element_type=\"widget\" data-widget_type=\"trx_sc_title.default\">\n\t\t\t\t<div class=\"elementor-widget-container\">\n\t\t\t\t\t<div\t\tclass=\"sc_title sc_title_default\" ><h2 class=\"sc_item_title sc_title_title sc_align_center sc_item_title_style_default\"\n\t\t\t><span class=\"sc_item_title_text\">Creiamo insieme il tuo progetto<\/span><\/h2><div class=\"sc_item_descr sc_title_descr sc_align_center\"><p>Diamo forma al tuo spazio, oggi<\/p>\n<\/div><div\tclass=\"sc_item_button sc_button_wrap sc_align_center sc_item_button sc_item_button_default sc_item_button_size_small sc_title_button\"><a href=\"https:\/\/www.suzannepietra.com\/it\/contactez-moi\/\" class=\"sc_button sc_button_default sc_button_size_small sc_button_icon_left\"><span class=\"sc_button_text\"><span class=\"sc_button_title\">Contattami<\/span><\/span><\/a><\/div><\/div>\t\t\t\t<\/div>\n\t\t\t\t<\/div>\n\t\t\t\t\t<\/div>\n\t\t\t\t<\/div>\n\t\t\t\t<\/div>\n\t\t\t\t<\/div>","protected":false},"excerpt":{"rendered":"<p>R\u00e9alisations Chaque projet est une invitation \u00e0 explorer un univers unique \u2014 un espace fa\u00e7onn\u00e9 par vos go\u00fbts, vos souhaits et votre personnalit\u00e9. \u00c0 travers cette s\u00e9lection, je vous pr\u00e9sente&hellip;<\/p>","protected":false},"author":2,"featured_media":0,"parent":0,"menu_order":0,"comment_status":"closed","ping_status":"closed","template":"","meta":{"footnotes":""},"class_list":["post-96","page","type-page","status-publish","hentry"],"_links":{"self":[{"href":"https:\/\/www.suzannepietra.com\/it\/wp-json\/wp\/v2\/pages\/96","targetHints":{"allow":["GET"]}}],"collection":[{"href":"https:\/\/www.suzannepietra.com\/it\/wp-json\/wp\/v2\/pages"}],"about":[{"href":"https:\/\/www.suzannepietra.com\/it\/wp-json\/wp\/v2\/types\/page"}],"author":[{"embeddable":true,"href":"https:\/\/www.suzannepietra.com\/it\/wp-json\/wp\/v2\/users\/2"}],"replies":[{"embeddable":true,"href":"https:\/\/www.suzannepietra.com\/it\/wp-json\/wp\/v2\/comments?post=96"}],"version-history":[{"count":213,"href":"https:\/\/www.suzannepietra.com\/it\/wp-json\/wp\/v2\/pages\/96\/revisions"}],"predecessor-version":[{"id":2447,"href":"https:\/\/www.suzannepietra.com\/it\/wp-json\/wp\/v2\/pages\/96\/revisions\/2447"}],"wp:attachment":[{"href":"https:\/\/www.suzannepietra.com\/it\/wp-json\/wp\/v2\/media?parent=96"}],"curies":[{"name":"wp","href":"https:\/\/api.w.org\/{rel}","templated":true}]}}