{"id":98,"date":"2025-08-03T19:45:33","date_gmt":"2025-08-03T19:45:33","guid":{"rendered":"http:\/\/suzannepietracleanhalltheme.local\/?page_id=98"},"modified":"2025-11-10T12:43:54","modified_gmt":"2025-11-10T12:43:54","slug":"a-propos","status":"publish","type":"page","link":"https:\/\/www.suzannepietra.com\/en\/a-propos\/","title":{"rendered":"About Us"},"content":{"rendered":"<div data-elementor-type=\"wp-page\" data-elementor-id=\"98\" class=\"elementor elementor-98\">\n\t\t\t\t<div class=\"elementor-element elementor-element-0e83a30 e-flex e-con-boxed sc_layouts_column_icons_position_left e-con e-parent\" data-id=\"0e83a30\" data-element_type=\"container\">\n\t\t\t\t\t<div class=\"e-con-inner\">\n\t\t\t\t\t<\/div>\n\t\t\t\t<\/div>\n\t\t<div class=\"elementor-element elementor-element-ffd7127 e-con-full e-flex sc_layouts_column_icons_position_left e-con e-parent\" data-id=\"ffd7127\" data-element_type=\"container\">\n\t\t<div class=\"e-con-gap-no elementor-element elementor-element-956e6ed e-con-full e-flex sc_layouts_column_icons_position_left e-con e-child\" data-id=\"956e6ed\" data-element_type=\"container\" data-settings=\"{&quot;background_background&quot;:&quot;classic&quot;}\">\n\t\t\t\t<\/div>\n\t\t<div class=\"elementor-element elementor-element-3ef846a e-con-full e-flex sc_layouts_column_icons_position_left e-con e-child\" data-id=\"3ef846a\" data-element_type=\"container\" data-settings=\"{&quot;background_background&quot;:&quot;classic&quot;}\">\n\t\t\t\t<div class=\"elementor-element elementor-element-3b15d7e sc_fly_static elementor-widget elementor-widget-trx_sc_title\" data-id=\"3b15d7e\" data-element_type=\"widget\" data-widget_type=\"trx_sc_title.default\">\n\t\t\t\t<div class=\"elementor-widget-container\">\n\t\t\t\t\t<div\t\tclass=\"sc_title sc_title_default\" ><h2 class=\"sc_item_title sc_title_title sc_item_title_style_default sc_item_title_tag\"\n\t\t\t><span class=\"sc_item_title_text\">A Vocation<\/br> Shaped by a Journey <\/span><\/h2><div class=\"sc_item_descr sc_title_descr\"><p>I am a corporate communications specialist by training.\u2028For nearly 25 years, I worked for multinational companies in Rome, Brussels, Paris, Lyon, and Nice.<\/p>\n<p>After turning 40, I felt the call for a new life chapter and decided to retrain intensively in interior architecture at the \u00c9cole Fran\u00e7aise du B\u00e2timent in Nice. Once certified, I took my first steps as an interior decorator on the French Riviera.\u2028For the past three years, I have been offering my services in Milan \u2014 the heart of design and fashion.<\/p>\n<\/div><\/div>\t\t\t\t<\/div>\n\t\t\t\t<\/div>\n\t\t\t\t<\/div>\n\t\t\t\t<\/div>\n\t\t<div class=\"elementor-element elementor-element-c884552 e-con-full e-flex sc_layouts_column_icons_position_left e-con e-parent\" data-id=\"c884552\" data-element_type=\"container\">\n\t\t<div class=\"elementor-element elementor-element-a815719 e-con-full e-flex sc_layouts_column_icons_position_left e-con e-child\" data-id=\"a815719\" data-element_type=\"container\">\n\t\t\t\t<div class=\"elementor-element elementor-element-a79475a sc_fly_static elementor-widget elementor-widget-trx_sc_title\" data-id=\"a79475a\" data-element_type=\"widget\" data-widget_type=\"trx_sc_title.default\">\n\t\t\t\t<div class=\"elementor-widget-container\">\n\t\t\t\t\t<div\t\tclass=\"sc_title sc_title_default\" ><h2 class=\"sc_item_title sc_title_title sc_item_title_style_default sc_item_title_tag\"\n\t\t\t><span class=\"sc_item_title_text\">My Creative Philosophy <\/span><\/h2><div class=\"sc_item_descr sc_title_descr\"><p>My roots, my travels, and my professional background all feed into my creative work.\u2028My style blends the timeless elegance of tradition with the bold lines of modernity.\nBefore beginning any project, I devote special attention to understanding my clients \u2014 their needs, their stories, their personalities.\u2028You are always at the heart of the design process. My aim is to create spaces that are meaningful, functional, and truly one of a kind.<\/p>\n<p>Together, we play with furniture, colours, and textures, because creating your interior should also be a joyful experience.<\/p>\n<p>Beauty and aesthetic value are not exclusive to luxury.\u2028Vintage finds can be just as chic and harmonize beautifully with collectible design and antiques.\u2028Sourcing unique pieces means telling your story \u2014 creating echoes between who you are and what surrounds you.<\/p>\n<\/div><\/div>\t\t\t\t<\/div>\n\t\t\t\t<\/div>\n\t\t\t\t<\/div>\n\t\t<div class=\"e-con-gap-no elementor-element elementor-element-bad111f e-con-full e-flex sc_layouts_column_icons_position_left e-con e-child\" data-id=\"bad111f\" data-element_type=\"container\" data-settings=\"{&quot;background_background&quot;:&quot;classic&quot;}\">\n\t\t\t\t<\/div>\n\t\t\t\t<\/div>\n\t\t\t\t<\/div>","protected":false},"excerpt":{"rendered":"<p>Une vocation au fil d\u2019un parcours Je suis une sp\u00e9cialiste de la communication d\u2019entreprise. J\u2019ai exerc\u00e9 pendant pr\u00e8s de 25 ans pour des multinationales \u00e0 Rome, Bruxelles, Paris, Lyon et&hellip;<\/p>","protected":false},"author":2,"featured_media":0,"parent":0,"menu_order":0,"comment_status":"closed","ping_status":"closed","template":"","meta":{"footnotes":""},"class_list":["post-98","page","type-page","status-publish","hentry"],"_links":{"self":[{"href":"https:\/\/www.suzannepietra.com\/en\/wp-json\/wp\/v2\/pages\/98","targetHints":{"allow":["GET"]}}],"collection":[{"href":"https:\/\/www.suzannepietra.com\/en\/wp-json\/wp\/v2\/pages"}],"about":[{"href":"https:\/\/www.suzannepietra.com\/en\/wp-json\/wp\/v2\/types\/page"}],"author":[{"embeddable":true,"href":"https:\/\/www.suzannepietra.com\/en\/wp-json\/wp\/v2\/users\/2"}],"replies":[{"embeddable":true,"href":"https:\/\/www.suzannepietra.com\/en\/wp-json\/wp\/v2\/comments?post=98"}],"version-history":[{"count":120,"href":"https:\/\/www.suzannepietra.com\/en\/wp-json\/wp\/v2\/pages\/98\/revisions"}],"predecessor-version":[{"id":2633,"href":"https:\/\/www.suzannepietra.com\/en\/wp-json\/wp\/v2\/pages\/98\/revisions\/2633"}],"wp:attachment":[{"href":"https:\/\/www.suzannepietra.com\/en\/wp-json\/wp\/v2\/media?parent=98"}],"curies":[{"name":"wp","href":"https:\/\/api.w.org\/{rel}","templated":true}]}}