{"id":45,"date":"2025-08-02T10:53:10","date_gmt":"2025-08-02T10:53:10","guid":{"rendered":"http:\/\/suzannepietracleanhalltheme.local\/?page_id=45"},"modified":"2025-11-10T07:05:07","modified_gmt":"2025-11-10T07:05:07","slug":"home","status":"publish","type":"page","link":"https:\/\/www.suzannepietra.com\/en\/","title":{"rendered":"Home"},"content":{"rendered":"<div data-elementor-type=\"wp-page\" data-elementor-id=\"45\" class=\"elementor elementor-45\">\n\t\t\t\t<div class=\"elementor-element elementor-element-0099c59 e-con-full e-flex sc_layouts_column_icons_position_left e-con e-parent\" data-id=\"0099c59\" data-element_type=\"container\">\n\t\t<div class=\"elementor-element elementor-element-2a2257c e-con-full e-flex sc_layouts_column_icons_position_left e-con e-child\" data-id=\"2a2257c\" data-element_type=\"container\">\n\t\t\t\t<div class=\"elementor-element elementor-element-b390d06 sc_fly_static elementor-widget elementor-widget-slider_revolution\" data-id=\"b390d06\" data-element_type=\"widget\" data-widget_type=\"slider_revolution.default\">\n\t\t\t\t\t\n\t\t<div class=\"wp-block-themepunch-revslider\">\n\t\t\t\t<p class=\"rs-p-wp-fix\"><\/p>\n\t\t\t\t<sr7-module data-alias=\"home3-1\" data-id=\"13\" id=\"SR7_13_1\" class=\"rs-ov-hidden\" data-version=\"6.7.32\">\n\t\t\t\t\t<sr7-adjuster><\/sr7-adjuster>\n\t\t\t\t\t<sr7-content>\n\t\t\t\t\t\t<sr7-slide id=\"SR7_13_1-33\" data-key=\"33\">\n\t\t\t\t\t\t\t<sr7-bg id=\"SR7_13_1-33-30\" class=\"sr7-layer\"><noscript><img decoding=\"async\" src=\"https:\/\/suzannepietra.com\/wp-content\/uploads\/2025\/09\/soggiorno-3-dopo-copia.webp\" alt=\"Projet d\u2019architecture int\u00e9rieure \u00e0 Milan \u2013 Suzanne Pietra\" title=\"soggiorno 3 dopo copia\"><\/noscript><\/sr7-bg>\n\t\t\t\t\t\t\t<sr7-txt id=\"SR7_13_1-33-18\" class=\"sr7-layer\">L'ART <em>des<\/em> VOLUMES<\/sr7-txt>\n\t\t\t\t\t\t\t<sr7-txt id=\"SR7_13_1-33-22\" class=\"sr7-layer\">HARMONIEUX<\/sr7-txt>\n\t\t\t\t\t\t\t<a id=\"SR7_13_1-33-23\" class=\"sr7-layer\" href=\"https:\/\/www.instagram.com\/ancora_themes\/\" target=\"_blank\" rel=\"noopener\"><span class=\"icon-instagram\"><\/span><\/a>\n\t\t\t\t\t\t\t<a id=\"SR7_13_1-33-28\" class=\"sr7-layer\" href=\"https:\/\/www.instagram.com\/ancora_themes\/\" target=\"_blank\" rel=\"noopener\">Instagram<\/a>\n\t\t\t\t\t\t<\/sr7-slide>\n\t\t\t\t\t\t<sr7-slide id=\"SR7_13_1-34\" data-key=\"34\">\n\t\t\t\t\t\t<\/sr7-slide>\n\t\t\t\t\t<\/sr7-content>\n\t\t\t\t\t<image_lists style=\"display:none\">\n\t\t\t\t\t\t<img data-src=\"\/\/suzannepietra.com\/wp-content\/uploads\/2025\/09\/soggiorno-3-dopo-copia.webp\" data-libid=\"1457\" data-lib=\"medialibrary\" alt=\"Projet d\u2019architecture int\u00e9rieure \u00e0 Milan \u2013 Suzanne Pietra\" title=\"soggiorno 3 dopo copia\" width=\"0\" height=\"0\" data-dbsrc=\"Ly9zdXphbm5lcGlldHJhLmNvbS93cC1jb250ZW50L3VwbG9hZHMvMjAyNS8wOS9zb2dnaW9ybm8tMy1kb3BvLWNvcGlhLndlYnA=\"\/>\n\t\t\t\t\t<\/image_lists>\n\t\t\t\t<\/sr7-module>\n\t\t\t\t<script>\n\t\t\t\t\tSR7.PMH ??={}; SR7.PMH[\"SR7_13_1\"] = {cn:100,state:false,fn: function() { if (_tpt!==undefined && _tpt.prepareModuleHeight !== undefined) {  _tpt.prepareModuleHeight({id:\"SR7_13_1\",el:[900,900,685,600,770],type:'hero',shdw:'0',gh:[900,900,685,600,770],gw:[1920,1920,1440,778,390],vpt:['-100px&#039;,&#039;-100px&#039;,&#039;-100px&#039;,&#039;-100px&#039;,&#039;-100px'],size:{fullWidth:true, fullHeight:true},fho:'',mh:'0',onh:0,onw:0,bg:{color:'{\"orig\":\"transparent\",\"type\":\"solid\",\"string\":\"transparent\"}'}});   SR7.PMH[\"SR7_13_1\"].state=true;} else if(SR7.PMH[\"SR7_13_1\"].cn-->0)\tsetTimeout( SR7.PMH[\"SR7_13_1\"].fn,19);}};SR7.PMH[\"SR7_13_1\" ].fn();\n\t\t\t\t<\/script>\n<\/div>\n\n\t\t\t\t\t\t<\/div>\n\t\t\t\t<\/div>\n\t\t<div class=\"elementor-element elementor-element-92b598a e-con-full e-flex sc_layouts_column_icons_position_left e-con e-child\" data-id=\"92b598a\" data-element_type=\"container\">\n\t\t<div class=\"elementor-element elementor-element-7231fa2 e-con-full e-flex sc_layouts_column_icons_position_left e-con e-child\" data-id=\"7231fa2\" data-element_type=\"container\">\n\t\t\t\t<div data-animation-type=\"char\" data-animation-stagger=\"\" class=\"elementor-element elementor-element-cba792d elementor-widget__width-initial animated-slow animation_type_char sc_fly_static elementor-invisible elementor-widget elementor-widget-trx_sc_title\" data-id=\"cba792d\" data-element_type=\"widget\" data-settings=\"{&quot;_animation&quot;:&quot;slideInDown&quot;,&quot;_animation_delay&quot;:2}\" data-widget_type=\"trx_sc_title.default\">\n\t\t\t\t<div class=\"elementor-widget-container\">\n\t\t\t\t\t<div\t\tclass=\"sc_title sc_title_default\" ><span class=\"sc_item_subtitle sc_title_subtitle sc_align_center sc_item_subtitle_above sc_item_title_style_default sc_item_subtitle_with_custom_color trx_addons_inline_479820433\">Interior Designer<\/span><h1 class=\"sc_item_title sc_title_title sc_align_center sc_item_title_style_default sc_item_title_tag\"\n\t\t\t><span class=\"sc_item_title_text\">Suzanne Pietra<\/span><\/h1><div class=\"sc_item_descr sc_title_descr sc_align_center\"><p>Our homes echo our souls.<br \/>\nWithin each room, we reveal who we are, shape our stories, and express our essence.<\/p>\n<\/div><div\tclass=\"sc_item_button sc_button_wrap sc_align_center sc_item_button sc_item_button_default sc_item_button_size_small sc_title_button\"><a href=\"https:\/\/www.suzannepietra.com\/en\/a-propos\/\" class=\"sc_button sc_button_default sc_button_size_small sc_button_icon_left\"><span class=\"sc_button_text\"><span class=\"sc_button_title\"> About Us<\/span><\/span><\/a><\/div><\/div>\t\t\t\t<\/div>\n\t\t\t\t<\/div>\n\t\t\t\t<\/div>\n\t\t<div class=\"elementor-element elementor-element-b8a0cb4 e-con-full e-flex sc_layouts_column_icons_position_left e-con e-child\" data-id=\"b8a0cb4\" data-element_type=\"container\">\n\t\t\t\t<div class=\"elementor-element elementor-element-1ac3409 elementor-widget__width-initial sc_fly_static elementor-widget elementor-widget-trx_sc_title\" data-id=\"1ac3409\" data-element_type=\"widget\" data-widget_type=\"trx_sc_title.default\">\n\t\t\t\t<div class=\"elementor-widget-container\">\n\t\t\t\t\t<div\t\tclass=\"sc_title sc_title_default\" ><h2 class=\"sc_item_title sc_title_title sc_align_center sc_item_title_style_default sc_item_title_tag\"\n\t\t\t><span class=\"sc_item_title_text\">Services<\/span><\/h2><\/div>\t\t\t\t<\/div>\n\t\t\t\t<\/div>\n\t\t\t\t<div data-animation-type=\"char\" data-animation-stagger=\"\" class=\"elementor-element elementor-element-2b9a30b elementor-widget__width-initial animated-slow sc_fly_static elementor-widget elementor-widget-trx_sc_title\" data-id=\"2b9a30b\" data-element_type=\"widget\" data-settings=\"{&quot;_animation&quot;:&quot;none&quot;,&quot;_animation_delay&quot;:2}\" data-widget_type=\"trx_sc_title.default\">\n\t\t\t\t<div class=\"elementor-widget-container\">\n\t\t\t\t\t<div\t\tclass=\"sc_title sc_title_default\" ><div class=\"sc_item_descr sc_title_descr sc_align_center\"><p>Tailor-made Interior Design.<br \/>\nFrom subtle touches to full transformations, I guide you in creating a space that feels uniquely yours\u2014harmonious, inspiring, and alive.<\/p>\n<\/div><\/div>\t\t\t\t<\/div>\n\t\t\t\t<\/div>\n\t\t\t\t<div class=\"elementor-element elementor-element-17b05fe sc_fly_static elementor-widget elementor-widget-trx_sc_icons\" data-id=\"17b05fe\" data-element_type=\"widget\" data-widget_type=\"trx_sc_icons.default\">\n\t\t\t\t<div class=\"elementor-widget-container\">\n\t\t\t\t\t<div \tclass=\"sc_icons sc_icons_divider sc_icons_size_small sc_align_center\" ><div class=\"sc_icons_columns_wrap sc_item_columns trx_addons_columns_wrap columns_padding_bottom columns_in_single_row\" ><div class=\"trx_addons_column-1_3\"><div class=\"sc_icons_item sc_icons_item_linked with_more\"><div class=\"sc_icons_icon sc_icon_type_svg sc_icon_animation\" style=\"color: var(--e-global-color-66f6978)\" ><svg id=\"Layer_1\" viewbox=\"0 0 64 64\"><rect x=\"5.5\" y=\"9.2\" width=\"23.7\" height=\"50.7\" fill=\"none\" stroke=\"#231f20\" stroke-linecap=\"round\" stroke-linejoin=\"round\" stroke-width=\"2\"><\/rect><rect x=\"34.8\" y=\"9.2\" width=\"23.7\" height=\"50.7\" fill=\"none\" stroke=\"#231f20\" stroke-linecap=\"round\" stroke-linejoin=\"round\" stroke-width=\"2\"><\/rect><path d=\"M22.7,20.1s-8.5,7.9-7.2,31.8\" fill=\"none\" stroke=\"#231f20\" stroke-linecap=\"round\" stroke-linejoin=\"round\" stroke-width=\"2\"><\/path><path d=\"M11.4,27.1s5.7.8,5.5,6c0,0-5.1.7-5.5-6Z\" fill=\"none\" stroke=\"#231f20\" stroke-linecap=\"round\" stroke-linejoin=\"round\" stroke-width=\"2\"><\/path><path d=\"M15.8,39.4s2.5-5.6,9-3.1c0,0-3.1,4.1-9,3.1Z\" fill=\"none\" stroke=\"#231f20\" stroke-linecap=\"round\" stroke-linejoin=\"round\" stroke-width=\"2\"><\/path><path d=\"M10.3,41.2s5.1-.5,5.1,5.2c0,0-5.1-1.3-5.1-5.2Z\" fill=\"none\" stroke=\"#231f20\" stroke-linecap=\"round\" stroke-linejoin=\"round\" stroke-width=\"2\"><\/path><path d=\"M19,26.4s2.3-4.1,7.3-2c0,0-1.9,3.2-7.3,2Z\" fill=\"none\" stroke=\"#231f20\" stroke-linecap=\"round\" stroke-linejoin=\"round\" stroke-width=\"2\"><\/path><path d=\"M50.8,20.1s-5.3,11.8-5.8,31.8\" fill=\"none\" stroke=\"#231f20\" stroke-linecap=\"round\" stroke-linejoin=\"round\" stroke-width=\"2\"><\/path><path d=\"M39.5,23.8s.3,3.4,4.2,3.4c3.9,0,2.6-5.8,2.6-5.8l-6.8,2.5Z\" fill=\"none\" stroke=\"#231f20\" stroke-linecap=\"round\" stroke-linejoin=\"round\" stroke-width=\"2\"><\/path><path d=\"M40.6,23.4s-1.1-2.4,1.2-3.1c2.6-.8,3.2,1.5,3.2,1.5\" fill=\"none\" stroke=\"#231f20\" stroke-linecap=\"round\" stroke-linejoin=\"round\" stroke-width=\"2\"><\/path><path d=\"M44.3,27.1s3.3,3.3,2.2,9.5\" fill=\"none\" stroke=\"#231f20\" stroke-linecap=\"round\" stroke-linejoin=\"round\" stroke-width=\"2\"><\/path><path d=\"M50.2,34.8s-1.6,2.2.4,3.6c1.6,1.2,3.5-.9,3.5-.9l-3.8-2.7Z\" fill=\"none\" stroke=\"#231f20\" stroke-linecap=\"round\" stroke-linejoin=\"round\" stroke-width=\"2\"><\/path><path d=\"M51.1,35.5s.6-1.8,2-1,0,2.4,0,2.4\" fill=\"none\" stroke=\"#231f20\" stroke-linecap=\"round\" stroke-linejoin=\"round\" stroke-width=\"2\"><\/path><path d=\"M50.1,38s-4,1.1-4.7,7\" fill=\"none\" stroke=\"#231f20\" stroke-linecap=\"round\" stroke-linejoin=\"round\" stroke-width=\"2\"><\/path><polyline points=\"5.5 9.2 17.3 4.1 29.2 9.2\" fill=\"none\" stroke=\"#231f20\" stroke-linecap=\"round\" stroke-linejoin=\"round\" stroke-width=\"2\"><\/polyline><polyline points=\"34.8 9.2 46.7 4.1 58.5 9.2\" fill=\"none\" stroke=\"#231f20\" stroke-linecap=\"round\" stroke-linejoin=\"round\" stroke-width=\"2\"><\/polyline><\/svg><\/div><div class=\"sc_icons_item_details\"><h4 class=\"sc_icons_item_title\"><a href=\"https:\/\/www.suzannepietra.com\/en\/our-services\/\">\n                                    A Roof for Every Style                                    <\/a><\/h4><div class=\"sc_icons_item_description\"><span>Ideal if you're preparing to sell or rent. This may involve a full or partial refresh, or simply a new layout for your furniture.<\/span><\/div><a href=\"https:\/\/www.suzannepietra.com\/en\/our-services\/\" class=\"sc_icons_item_more_link\">\n                        <span class=\"link_text\">En savoir plus<\/span><span class=\"link_icon\"><\/span>\n                        <\/a><a href=\"https:\/\/www.suzannepietra.com\/en\/our-services\/\" class=\"sc_icons_item_link\">\n                        <\/a><\/div><\/div><\/div><div class=\"trx_addons_column-1_3\"><div class=\"sc_icons_item sc_icons_item_linked with_more\"><div class=\"sc_icons_icon sc_icon_type_svg sc_icon_animation\" style=\"color: var(--e-global-color-primary)\" ><svg id=\"Layer_1\" viewbox=\"0 0 64 64\"><rect x=\"3.9\" y=\"25.1\" width=\"56.1\" height=\"32.6\" fill=\"none\" stroke=\"#231f20\" stroke-linecap=\"round\" stroke-linejoin=\"round\" stroke-width=\"2\"><\/rect><polyline points=\"3.9 25.1 32 6.3 60.1 25.1\" fill=\"none\" stroke=\"#231f20\" stroke-linecap=\"round\" stroke-linejoin=\"round\" stroke-width=\"2\"><\/polyline><rect x=\"8\" y=\"29\" width=\"47.9\" height=\"24.9\" fill=\"none\" stroke=\"#231f20\" stroke-linecap=\"round\" stroke-linejoin=\"round\" stroke-width=\"2\"><\/rect><path d=\"M16.9,41.4s1.2,5.2,7.7,0c6.5-5.2,7.7,6.5,12.9,0,5.2-6.5,3.5,3.8,8.8-.6\" fill=\"none\" stroke=\"#231f20\" stroke-linecap=\"round\" stroke-linejoin=\"round\" stroke-width=\"2\"><\/path><\/svg><\/div><div class=\"sc_icons_item_details\"><h4 class=\"sc_icons_item_title\"><a href=\"https:\/\/www.suzannepietra.com\/en\/our-services\/\">\n                                    Adapting Your Space to Life\u2019s Changes                                    <\/a><\/h4><div class=\"sc_icons_item_description\"><span>Your home evolves with you. Whether it\u2019s creating a child\u2019s bedroom, designing a home office, a new kitchen, or custom bathroom furniture.<\/span><\/div><a href=\"https:\/\/www.suzannepietra.com\/en\/our-services\/\" class=\"sc_icons_item_more_link\">\n                        <span class=\"link_text\">En savoir plus<\/span><span class=\"link_icon\"><\/span>\n                        <\/a><a href=\"https:\/\/www.suzannepietra.com\/en\/our-services\/\" class=\"sc_icons_item_link\">\n                        <\/a><\/div><\/div><\/div><div class=\"trx_addons_column-1_3\"><div class=\"sc_icons_item sc_icons_item_linked with_more\"><div class=\"sc_icons_icon sc_icon_type_svg sc_icon_animation\" style=\"color: var(--e-global-color-primary)\" ><svg id=\"icons\" viewbox=\"0 0 64 64\"><path d=\"M54.4,46.7v-24.9H4.1v36h50.3c3.1,0,5.5-2.5,5.5-5.5s-2.5-5.5-5.5-5.5Z\" fill=\"none\" stroke=\"#231f20\" stroke-linecap=\"round\" stroke-linejoin=\"round\" stroke-width=\"2\"><\/path><path d=\"M59.9,52.3v-31.4c0-3.3-2.3-6.2-5.5-6.9h0v7.9\" fill=\"none\" stroke=\"#231f20\" stroke-linecap=\"round\" stroke-linejoin=\"round\" stroke-width=\"2\"><\/path><line x1=\"18.2\" y1=\"52.3\" x2=\"41.1\" y2=\"52.3\" fill=\"none\" stroke=\"#231f20\" stroke-linecap=\"round\" stroke-linejoin=\"round\" stroke-width=\"2\"><\/line><line x1=\"41.1\" y1=\"50\" x2=\"41.1\" y2=\"54.5\" fill=\"none\" stroke=\"#231f20\" stroke-linecap=\"round\" stroke-linejoin=\"round\" stroke-width=\"2\"><\/line><line x1=\"18.2\" y1=\"50\" x2=\"18.2\" y2=\"54.5\" fill=\"none\" stroke=\"#231f20\" stroke-linecap=\"round\" stroke-linejoin=\"round\" stroke-width=\"2\"><\/line><polyline points=\"37.3 34.2 37.3 46.8 21.9 46.8 21.9 33.9\" fill=\"none\" stroke=\"#231f20\" stroke-linecap=\"round\" stroke-linejoin=\"round\" stroke-width=\"2\"><\/polyline><polyline points=\"19.9 36 29.6 25.9 39.2 36.2\" fill=\"none\" stroke=\"#231f20\" stroke-linecap=\"round\" stroke-linejoin=\"round\" stroke-width=\"2\"><\/polyline><rect x=\"27.4\" y=\"40.4\" width=\"3.9\" height=\"6.5\" fill=\"none\" stroke=\"#231f20\" stroke-linecap=\"round\" stroke-linejoin=\"round\" stroke-width=\"2\"><\/rect><line x1=\"47.7\" y1=\"48.8\" x2=\"47.7\" y2=\"25.9\" fill=\"none\" stroke=\"#231f20\" stroke-linecap=\"round\" stroke-linejoin=\"round\" stroke-width=\"2\"><\/line><line x1=\"45.5\" y1=\"25.9\" x2=\"50\" y2=\"25.9\" fill=\"none\" stroke=\"#231f20\" stroke-linecap=\"round\" stroke-linejoin=\"round\" stroke-width=\"2\"><\/line><line x1=\"45.5\" y1=\"48.8\" x2=\"50\" y2=\"48.8\" fill=\"none\" stroke=\"#231f20\" stroke-linecap=\"round\" stroke-linejoin=\"round\" stroke-width=\"2\"><\/line><rect x=\"12.2\" y=\"9.4\" width=\"35.7\" height=\"5.5\" fill=\"none\" stroke=\"#231f20\" stroke-linecap=\"round\" stroke-linejoin=\"round\" stroke-width=\"2\"><\/rect><polyline points=\"29.6 6.2 42.5 6.2 42.5 9.4\" fill=\"none\" stroke=\"#231f20\" stroke-linecap=\"round\" stroke-linejoin=\"round\" stroke-width=\"2\"><\/polyline><polyline points=\"12.2 9.4 5.7 12.2 12.2 14.9\" fill=\"none\" stroke=\"#231f20\" stroke-linecap=\"round\" stroke-linejoin=\"round\" stroke-width=\"2\"><\/polyline><path d=\"M47.9,14.9h.3c1.5,0,2.7-1.2,2.7-2.7h0c0-1.5-1.2-2.7-2.7-2.7h-.3\" fill=\"none\" stroke=\"#231f20\" stroke-linecap=\"round\" stroke-linejoin=\"round\" stroke-width=\"2\"><\/path><\/svg><\/div><div class=\"sc_icons_item_details\"><h4 class=\"sc_icons_item_title\"><a href=\"https:\/\/www.suzannepietra.com\/en\/our-services\/\">\n                                    Fresh Look, New Energy \u2013 Home Staging                                    <\/a><\/h4><div class=\"sc_icons_item_description\"><span>L\u2019home staging est particuli\u00e8rement adapt\u00e9 pour qui souhaite mettre un appartement en vente ou en location...<\/span><\/div><a href=\"https:\/\/www.suzannepietra.com\/en\/our-services\/\" class=\"sc_icons_item_more_link\">\n                        <span class=\"link_text\">En savoir plus<\/span><span class=\"link_icon\"><\/span>\n                        <\/a><a href=\"https:\/\/www.suzannepietra.com\/en\/our-services\/\" class=\"sc_icons_item_link\">\n                        <\/a><\/div><\/div><\/div><\/div><\/div><!-- \/.sc_icons -->\t\t\t\t<\/div>\n\t\t\t\t<\/div>\n\t\t\t\t<div class=\"elementor-element elementor-element-30e11e5 sc_fly_static elementor-widget elementor-widget-trx_sc_button\" data-id=\"30e11e5\" data-element_type=\"widget\" data-widget_type=\"trx_sc_button.default\">\n\t\t\t\t<div class=\"elementor-widget-container\">\n\t\t\t\t\t<div\tclass=\"sc_item_button sc_button_wrap sc_align_center\" ><a href=\"https:\/\/www.suzannepietra.com\/en\/our-services\/\" class=\"sc_button sc_button_default sc_button_size_small sc_button_icon_left\"><span class=\"sc_button_text\"><span class=\"sc_button_title\">Discover Our Services<\/span><\/span><\/a><\/div>\t\t\t\t<\/div>\n\t\t\t\t<\/div>\n\t\t\t\t<\/div>\n\t\t<div class=\"elementor-element elementor-element-ee05175 e-con-full e-flex sc_layouts_column_icons_position_left e-con e-child\" data-id=\"ee05175\" data-element_type=\"container\">\n\t\t\t\t<div class=\"elementor-element elementor-element-1c908f4 elementor-widget__width-initial sc_fly_static elementor-widget elementor-widget-trx_sc_title\" data-id=\"1c908f4\" data-element_type=\"widget\" data-widget_type=\"trx_sc_title.default\">\n\t\t\t\t<div class=\"elementor-widget-container\">\n\t\t\t\t\t<div\t\tclass=\"sc_title sc_title_default\" ><h2 class=\"sc_item_title sc_title_title sc_align_center sc_item_title_style_default sc_item_title_tag\"\n\t\t\t><span class=\"sc_item_title_text\">Projects<\/span><\/h2><div class=\"sc_item_descr sc_title_descr sc_align_center\"><p>A Story Told Through Space. <\/br> Each project is a dialogue between form and feeling, where every detail speaks of you.\nLet\u2019s create a space that tells your story. <\/p>\n<\/div><\/div>\t\t\t\t<\/div>\n\t\t\t\t<\/div>\n\t\t\t\t<div class=\"elementor-element elementor-element-8aed143 elementor-widget__width-inherit sc_fly_static elementor-widget elementor-widget-trx_sc_portfolio\" data-id=\"8aed143\" data-element_type=\"widget\" data-widget_type=\"trx_sc_portfolio.default\">\n\t\t\t\t<div class=\"elementor-widget-container\">\n\t\t\t\t\t<div \t\tclass=\"sc_portfolio sc_portfolio_eclipse\"><div class=\"sc_portfolio_columns_wrap sc_item_columns sc_item_posts_container trx_addons_columns_wrap columns_padding_bottom grid_wrap_3 columns_in_single_row\"><div class=\"trx_addons_column-1_3\"><div data-post-id=\"918\" class=\"sc_portfolio_item sc_item_container post_container\"\n\t\tdata-size=\"1500x1125\"\n\tdata-src=\"https:\/\/www.suzannepietra.com\/wp-content\/uploads\/2025\/09\/soggiorno-dopo-copia.webp\"\n\t>\n\t<div class=\"post_featured with_thumb hover_info sc_portfolio_item_thumb\"><img fetchpriority=\"high\" decoding=\"async\" width=\"890\" height=\"664\" src=\"https:\/\/www.suzannepietra.com\/wp-content\/uploads\/2025\/09\/soggiorno-dopo-copia-890x664.webp\" class=\"attachment-hall-thumb-square size-hall-thumb-square wp-post-image\" alt=\"Projet d\u2019architecture int\u00e9rieure \u00e0 Milan \u2013 Suzanne Pietra\" \/>\t\t\t\t\t\t<div class=\"mask\"><\/div>\n\t\t\t\t\t\t<a href=\"https:\/\/www.suzannepietra.com\/en\/portfolio\/maison-a-nice\/\"><\/a><div class=\"post_info\"><h5 class=\"post_title\"><a href=\"https:\/\/www.suzannepietra.com\/en\/portfolio\/maison-a-nice\/\">Nice \u2013 Art Nouveau in the Heart of the City<\/a><\/h5> <\/div><\/div>\t\n<\/div><\/div><div class=\"trx_addons_column-1_3\"><div data-post-id=\"2056\" class=\"sc_portfolio_item sc_item_container post_container\"\n\t\tdata-size=\"2048x1392\"\n\tdata-src=\"https:\/\/www.suzannepietra.com\/wp-content\/uploads\/2025\/10\/MAISON-TERESE-7329.webp\"\n\t>\n\t<div class=\"post_featured with_thumb hover_info sc_portfolio_item_thumb\"><img decoding=\"async\" width=\"890\" height=\"664\" src=\"https:\/\/www.suzannepietra.com\/wp-content\/uploads\/2025\/10\/MAISON-TERESE-7329-890x664.webp\" class=\"attachment-hall-thumb-square size-hall-thumb-square wp-post-image\" alt=\"Projet d\u2019architecture int\u00e9rieure \u00e0 Milan \u2013 Suzanne Pietra\" srcset=\"https:\/\/www.suzannepietra.com\/wp-content\/uploads\/2025\/10\/MAISON-TERESE-7329-890x664.webp 890w, https:\/\/www.suzannepietra.com\/wp-content\/uploads\/2025\/10\/MAISON-TERESE-7329-18x12.webp 18w\" sizes=\"(max-width: 890px) 100vw, 890px\" \/>\t\t\t\t\t\t<div class=\"mask\"><\/div>\n\t\t\t\t\t\t<a href=\"https:\/\/www.suzannepietra.com\/en\/portfolio\/residence-a-milan\/\"><\/a><div class=\"post_info\"><h5 class=\"post_title\"><a href=\"https:\/\/www.suzannepietra.com\/en\/portfolio\/residence-a-milan\/\">Milan \u2013 Sixties Soul in the Historic Center<\/a><\/h5> <\/div><\/div>\t\n<\/div><\/div><div class=\"trx_addons_column-1_3\"><div data-post-id=\"922\" class=\"sc_portfolio_item sc_item_container post_container\"\n\t\tdata-size=\"1920x1440\"\n\tdata-src=\"https:\/\/www.suzannepietra.com\/wp-content\/uploads\/2025\/08\/007_DEA_Cosimo_del_fante_pulizia-copia.webp\"\n\t>\n\t<div class=\"post_featured with_thumb hover_info sc_portfolio_item_thumb\"><img loading=\"lazy\" decoding=\"async\" width=\"890\" height=\"664\" src=\"https:\/\/www.suzannepietra.com\/wp-content\/uploads\/2025\/08\/007_DEA_Cosimo_del_fante_pulizia-copia-890x664.webp\" class=\"attachment-hall-thumb-square size-hall-thumb-square wp-post-image\" alt=\"Projet d\u2019architecture int\u00e9rieure \u00e0 Milan \u2013 Suzanne Pietra\" \/>\t\t\t\t\t\t<div class=\"mask\"><\/div>\n\t\t\t\t\t\t<a href=\"https:\/\/www.suzannepietra.com\/en\/portfolio\/residence-a-milan-projet-2\/\"><\/a><div class=\"post_info\"><h5 class=\"post_title\"><a href=\"https:\/\/www.suzannepietra.com\/en\/portfolio\/residence-a-milan-projet-2\/\">Milan \u2013 Eclectic Elegance in a Heritage Apartment<\/a><\/h5> <\/div><\/div>\t\n<\/div><\/div><\/div><\/div>\t\t\t\t<\/div>\n\t\t\t\t<\/div>\n\t\t\t\t<div class=\"elementor-element elementor-element-79980c1 elementor-widget__width-initial sc_fly_static elementor-widget elementor-widget-trx_sc_title\" data-id=\"79980c1\" data-element_type=\"widget\" data-widget_type=\"trx_sc_title.default\">\n\t\t\t\t<div class=\"elementor-widget-container\">\n\t\t\t\t\t<div\t\tclass=\"sc_title sc_title_default\" ><div class=\"sc_item_descr sc_title_descr sc_align_center\"><\/div><div\tclass=\"sc_item_button sc_button_wrap sc_align_center sc_item_button sc_item_button_simple sc_item_button_size_large sc_title_button\"><a href=\"https:\/\/www.suzannepietra.com\/en\/realisations\/\" class=\"sc_button sc_button_simple sc_button_size_large sc_button_icon_left\"><span class=\"sc_button_text\"><span class=\"sc_button_title\">See the Projects<\/span><\/span><\/a><\/div><\/div>\t\t\t\t<\/div>\n\t\t\t\t<\/div>\n\t\t\t\t<\/div>\n\t\t\t\t<\/div>\n\t\t\t\t<\/div>\n\t\t<div class=\"elementor-element elementor-element-ffe0c7d e-flex e-con-boxed sc_layouts_column_icons_position_left e-con e-parent\" data-id=\"ffe0c7d\" data-element_type=\"container\">\n\t\t\t\t\t<div class=\"e-con-inner\">\n\t\t\t\t<div class=\"elementor-element elementor-element-87a6abd sc_fly_static elementor-widget elementor-widget-trx_sc_title\" data-id=\"87a6abd\" data-element_type=\"widget\" data-widget_type=\"trx_sc_title.default\">\n\t\t\t\t<div class=\"elementor-widget-container\">\n\t\t\t\t\t<div\t\tclass=\"sc_title sc_title_default\" ><h2 class=\"sc_item_title sc_title_title sc_align_center sc_item_title_style_default\"\n\t\t\t><span class=\"sc_item_title_text\">Let\u2019s write your story in space <\/span><\/h2><div class=\"sc_item_descr sc_title_descr sc_align_center\"><p>Every home begins with a vision. Let\u2019s bring yours to life\u2014together.<\/p>\n<\/div><div\tclass=\"sc_item_button sc_button_wrap sc_align_center sc_item_button sc_item_button_default sc_item_button_size_small sc_title_button\"><a href=\"https:\/\/www.suzannepietra.com\/en\/contactez-moi\/\" class=\"sc_button sc_button_default sc_button_size_small sc_button_icon_left\"><span class=\"sc_button_text\"><span class=\"sc_button_title\">Contact me<\/span><\/span><\/a><\/div><\/div>\t\t\t\t<\/div>\n\t\t\t\t<\/div>\n\t\t\t\t\t<\/div>\n\t\t\t\t<\/div>\n\t\t\t\t<\/div>","protected":false},"excerpt":{"rendered":"<p>Styliste d\u2019int\u00e9rieur Suzanne Pietra Notre int\u00e9rieur est le miroir de notre personnalit\u00e9. On se r\u00e9v\u00e8le, on s\u2019accomplit, on se d\u00e9finit gr\u00e2ce \u00e0 son int\u00e9rieur. \u00c0 Propos Services De la d\u00e9coration&hellip;<\/p>","protected":false},"author":2,"featured_media":0,"parent":0,"menu_order":0,"comment_status":"closed","ping_status":"closed","template":"","meta":{"footnotes":""},"class_list":["post-45","page","type-page","status-publish","hentry"],"_links":{"self":[{"href":"https:\/\/www.suzannepietra.com\/en\/wp-json\/wp\/v2\/pages\/45","targetHints":{"allow":["GET"]}}],"collection":[{"href":"https:\/\/www.suzannepietra.com\/en\/wp-json\/wp\/v2\/pages"}],"about":[{"href":"https:\/\/www.suzannepietra.com\/en\/wp-json\/wp\/v2\/types\/page"}],"author":[{"embeddable":true,"href":"https:\/\/www.suzannepietra.com\/en\/wp-json\/wp\/v2\/users\/2"}],"replies":[{"embeddable":true,"href":"https:\/\/www.suzannepietra.com\/en\/wp-json\/wp\/v2\/comments?post=45"}],"version-history":[{"count":370,"href":"https:\/\/www.suzannepietra.com\/en\/wp-json\/wp\/v2\/pages\/45\/revisions"}],"predecessor-version":[{"id":2625,"href":"https:\/\/www.suzannepietra.com\/en\/wp-json\/wp\/v2\/pages\/45\/revisions\/2625"}],"wp:attachment":[{"href":"https:\/\/www.suzannepietra.com\/en\/wp-json\/wp\/v2\/media?parent=45"}],"curies":[{"name":"wp","href":"https:\/\/api.w.org\/{rel}","templated":true}]}}