{"id":2452,"date":"2025-10-23T10:19:12","date_gmt":"2025-10-23T10:19:12","guid":{"rendered":"https:\/\/suzannepietra.com\/?page_id=2452"},"modified":"2025-11-05T15:53:51","modified_gmt":"2025-11-05T15:53:51","slug":"credits","status":"publish","type":"page","link":"https:\/\/www.suzannepietra.com\/en\/credits\/","title":{"rendered":"Credits"},"content":{"rendered":"<div data-elementor-type=\"wp-page\" data-elementor-id=\"2452\" class=\"elementor elementor-2452\">\n\t\t\t\t<div class=\"elementor-element elementor-element-1ff2db44 e-flex e-con-boxed sc_layouts_column_icons_position_left e-con e-parent\" data-id=\"1ff2db44\" data-element_type=\"container\">\n\t\t\t\t\t<div class=\"e-con-inner\">\n\t\t\t\t<div class=\"elementor-element elementor-element-42dde3cd elementor-widget__width-initial sc_fly_static elementor-widget elementor-widget-text-editor\" data-id=\"42dde3cd\" data-element_type=\"widget\" data-widget_type=\"text-editor.default\">\n\t\t\t\t\t\t\t\t\t<p><strong>Credits &amp; Copyright<br \/><\/strong>Propri\u00e9taire du site: Suzanne Pietra<br \/><a href=\"mailto:info@suzannepietra.com\">info@suzannepietra.com<\/a><\/p>\n<p><!-- \/wp:paragraph --><!-- wp:paragraph --><\/p>\n<p><strong>Photography<\/strong>:<br \/>Riniera Pietra<\/p>\n<p><strong>Logo<\/strong>:<br \/>Marzia Pietra<\/p>\n<p><!-- \/wp:paragraph --><!-- wp:paragraph --><\/p>\n<p><strong>Web Design &amp; WordPress Development<\/strong><br \/>Alberto Guadagno<br \/><a href=\"http:\/\/www.studioagile.eu\" data-type=\"link\" data-id=\"www.studioagile.eu\" target=\"_blank\" rel=\"noopener\">www.studioagile.eu<\/a><\/p>\n<p><!-- \/wp:paragraph --><!-- wp:paragraph --><\/p>\n<p><strong>Hosting<\/strong><br \/>Hostinger operations, UAB<br \/>\u0160vitrigailos str. 34, Vilnius 03230, Lituanie<br \/>domains@hostinger.com<\/p>\n<p><!-- \/wp:paragraph --><!-- wp:paragraph --><\/p>\n<p><!-- \/wp:paragraph --><!-- wp:paragraph --><\/p>\n<p><!-- \/wp:paragraph --><!-- wp:paragraph --><\/p>\n<p><!-- \/wp:paragraph --><!-- wp:heading {\"level\":3} --><\/p>\n<h3 class=\"wp-block-heading\"><strong>Intellectual Property<\/strong><\/h3>\n<p><!-- \/wp:heading --><!-- wp:paragraph --><\/p>\n<p>All elements featured on this site (texts, images, graphics, logo, content) are the exclusive property of their respective authors.\u2028Any reproduction, distribution, or use \u2014 in whole or in part \u2014 without prior written consent is strictly prohibited.<\/p>\n<p><!-- \/wp:paragraph --><!-- wp:paragraph --><\/p>\n<p>\u00a9 2025 Suzanne Pietra \u2013 All rights reserved<\/p>\n<p><!-- \/wp:paragraph --><!-- wp:separator --><\/p>\n<p><!-- \/wp:separator --><!-- wp:paragraph --><\/p>\n<p><!-- \/wp:paragraph --><\/p>\t\t\t\t\t\t\t\t<\/div>\n\t\t\t\t\t<\/div>\n\t\t\t\t<\/div>\n\t\t\t\t<\/div>","protected":false},"excerpt":{"rendered":"<p>Cr\u00e9dits &amp; Droits d\u2019auteurPropri\u00e9taire du site: Suzanne Pietrainfo@suzannepietra.com Photographie:Riniera Pietra Logo:Marzia Pietra Design web &amp; d\u00e9veloppement WordPressAlberto Guadagnowww.studioagile.eu H\u00e9bergementHostinger operations, UAB\u0160vitrigailos str. 34, Vilnius 03230, Lituaniedomains@hostinger.com Propri\u00e9t\u00e9 intellectuelle L\u2019ensemble des&hellip;<\/p>","protected":false},"author":2,"featured_media":0,"parent":0,"menu_order":0,"comment_status":"closed","ping_status":"closed","template":"","meta":{"footnotes":""},"class_list":["post-2452","page","type-page","status-publish","hentry"],"_links":{"self":[{"href":"https:\/\/www.suzannepietra.com\/en\/wp-json\/wp\/v2\/pages\/2452","targetHints":{"allow":["GET"]}}],"collection":[{"href":"https:\/\/www.suzannepietra.com\/en\/wp-json\/wp\/v2\/pages"}],"about":[{"href":"https:\/\/www.suzannepietra.com\/en\/wp-json\/wp\/v2\/types\/page"}],"author":[{"embeddable":true,"href":"https:\/\/www.suzannepietra.com\/en\/wp-json\/wp\/v2\/users\/2"}],"replies":[{"embeddable":true,"href":"https:\/\/www.suzannepietra.com\/en\/wp-json\/wp\/v2\/comments?post=2452"}],"version-history":[{"count":14,"href":"https:\/\/www.suzannepietra.com\/en\/wp-json\/wp\/v2\/pages\/2452\/revisions"}],"predecessor-version":[{"id":2580,"href":"https:\/\/www.suzannepietra.com\/en\/wp-json\/wp\/v2\/pages\/2452\/revisions\/2580"}],"wp:attachment":[{"href":"https:\/\/www.suzannepietra.com\/en\/wp-json\/wp\/v2\/media?parent=2452"}],"curies":[{"name":"wp","href":"https:\/\/api.w.org\/{rel}","templated":true}]}}